{"id":464,"date":"2013-11-08T15:10:24","date_gmt":"2013-11-08T20:10:24","guid":{"rendered":"\/?page_id=464"},"modified":"2013-11-08T15:10:24","modified_gmt":"2013-11-08T20:10:24","slug":"proprietes-details","status":"publish","type":"page","link":"https:\/\/lysandreolivier.com\/en\/mes-proprietes\/proprietes-details\/","title":{"rendered":"Properties details"},"content":{"rendered":"<p>&nbsp;<\/p>\n<p><\/p>","protected":false},"excerpt":{"rendered":"<p>&nbsp;<\/p>\n","protected":false},"author":121,"featured_media":0,"parent":28,"menu_order":0,"comment_status":"open","ping_status":"open","template":"listing-templates\/listings_details.php","meta":{"_acf_changed":false,"footnotes":""},"class_list":["post-464","page","type-page","status-publish","hentry"],"acf":[],"yoast_head":"<!-- This site is optimized with the Yoast SEO plugin v26.7 - https:\/\/yoast.com\/wordpress\/plugins\/seo\/ -->\n<title>Propri\u00e9t\u00e9s d\u00e9tailsProperties details - Olivier Desrochers | Real Estate Broker | Auteuil<\/title>\n<meta name=\"robots\" content=\"index, follow, max-snippet:-1, max-image-preview:large, max-video-preview:-1\" \/>\n<link rel=\"canonical\" href=\"http:\/\/lysandreolivier.com\/mes-proprietes\/proprietes-details\/\" \/>\n<meta property=\"og:locale\" content=\"en_US\" \/>\n<meta property=\"og:type\" content=\"article\" \/>\n<meta property=\"og:title\" content=\"Propri\u00e9t\u00e9s d\u00e9tailsProperties details - Olivier Desrochers | Real Estate Broker | Auteuil\" \/>\n<meta property=\"og:description\" content=\"&nbsp;\" \/>\n<meta property=\"og:url\" content=\"http:\/\/lysandreolivier.com\/mes-proprietes\/proprietes-details\/\" \/>\n<meta property=\"og:site_name\" content=\"Olivier Desrochers | Real Estate Broker | Auteuil\" \/>\n<meta property=\"article:publisher\" content=\"https:\/\/www.facebook.com\/EquipeLysandreOlivier\/\" \/>\n<meta name=\"twitter:card\" content=\"summary_large_image\" \/>\n<meta name=\"twitter:site\" content=\"@LysandreOlivier\" \/>\n<script type=\"application\/ld+json\" class=\"yoast-schema-graph\">{\"@context\":\"https:\/\/schema.org\",\"@graph\":[{\"@type\":\"WebPage\",\"@id\":\"http:\/\/lysandreolivier.com\/mes-proprietes\/proprietes-details\/\",\"url\":\"http:\/\/lysandreolivier.com\/mes-proprietes\/proprietes-details\/\",\"name\":\"Propri\u00e9t\u00e9s d\u00e9tailsProperties details - Olivier Desrochers | Real Estate Broker | Auteuil\",\"isPartOf\":{\"@id\":\"http:\/\/lysandreolivier.com\/en\/#website\"},\"datePublished\":\"2013-11-08T20:10:24+00:00\",\"breadcrumb\":{\"@id\":\"http:\/\/lysandreolivier.com\/mes-proprietes\/proprietes-details\/#breadcrumb\"},\"inLanguage\":\"en-US\",\"potentialAction\":[{\"@type\":\"ReadAction\",\"target\":[\"http:\/\/lysandreolivier.com\/mes-proprietes\/proprietes-details\/\"]}]},{\"@type\":\"BreadcrumbList\",\"@id\":\"http:\/\/lysandreolivier.com\/mes-proprietes\/proprietes-details\/#breadcrumb\",\"itemListElement\":[{\"@type\":\"ListItem\",\"position\":1,\"name\":\"Accueil\",\"item\":\"http:\/\/lysandreolivier.com\/en\/\"},{\"@type\":\"ListItem\",\"position\":2,\"name\":\"Properties\",\"item\":\"http:\/\/lysandreolivier.com\/en\/mes-proprietes\/\"},{\"@type\":\"ListItem\",\"position\":3,\"name\":\"Propri\u00e9t\u00e9s d\u00e9tails\"}]},{\"@type\":\"WebSite\",\"@id\":\"http:\/\/lysandreolivier.com\/en\/#website\",\"url\":\"http:\/\/lysandreolivier.com\/en\/\",\"name\":\"Olivier Desrochers | Real Estate Broker | Auteuil\",\"description\":\"Royale Lepage Humania Centre\",\"potentialAction\":[{\"@type\":\"SearchAction\",\"target\":{\"@type\":\"EntryPoint\",\"urlTemplate\":\"http:\/\/lysandreolivier.com\/en\/?s={search_term_string}\"},\"query-input\":{\"@type\":\"PropertyValueSpecification\",\"valueRequired\":true,\"valueName\":\"search_term_string\"}}],\"inLanguage\":\"en-US\"}]}<\/script>\n<!-- \/ Yoast SEO plugin. -->","yoast_head_json":{"title":"Propri\u00e9t\u00e9s d\u00e9tailsProperties details - Olivier Desrochers | Real Estate Broker | Auteuil","robots":{"index":"index","follow":"follow","max-snippet":"max-snippet:-1","max-image-preview":"max-image-preview:large","max-video-preview":"max-video-preview:-1"},"canonical":"http:\/\/lysandreolivier.com\/mes-proprietes\/proprietes-details\/","og_locale":"en_US","og_type":"article","og_title":"Propri\u00e9t\u00e9s d\u00e9tailsProperties details - Olivier Desrochers | Real Estate Broker | Auteuil","og_description":"&nbsp;","og_url":"http:\/\/lysandreolivier.com\/mes-proprietes\/proprietes-details\/","og_site_name":"Olivier Desrochers | Real Estate Broker | Auteuil","article_publisher":"https:\/\/www.facebook.com\/EquipeLysandreOlivier\/","twitter_card":"summary_large_image","twitter_site":"@LysandreOlivier","schema":{"@context":"https:\/\/schema.org","@graph":[{"@type":"WebPage","@id":"http:\/\/lysandreolivier.com\/mes-proprietes\/proprietes-details\/","url":"http:\/\/lysandreolivier.com\/mes-proprietes\/proprietes-details\/","name":"Propri\u00e9t\u00e9s d\u00e9tailsProperties details - Olivier Desrochers | Real Estate Broker | Auteuil","isPartOf":{"@id":"http:\/\/lysandreolivier.com\/en\/#website"},"datePublished":"2013-11-08T20:10:24+00:00","breadcrumb":{"@id":"http:\/\/lysandreolivier.com\/mes-proprietes\/proprietes-details\/#breadcrumb"},"inLanguage":"en-US","potentialAction":[{"@type":"ReadAction","target":["http:\/\/lysandreolivier.com\/mes-proprietes\/proprietes-details\/"]}]},{"@type":"BreadcrumbList","@id":"http:\/\/lysandreolivier.com\/mes-proprietes\/proprietes-details\/#breadcrumb","itemListElement":[{"@type":"ListItem","position":1,"name":"Accueil","item":"http:\/\/lysandreolivier.com\/en\/"},{"@type":"ListItem","position":2,"name":"Properties","item":"http:\/\/lysandreolivier.com\/en\/mes-proprietes\/"},{"@type":"ListItem","position":3,"name":"Propri\u00e9t\u00e9s d\u00e9tails"}]},{"@type":"WebSite","@id":"http:\/\/lysandreolivier.com\/en\/#website","url":"http:\/\/lysandreolivier.com\/en\/","name":"Olivier Desrochers | Real Estate Broker | Auteuil","description":"Royale Lepage Humania Centre","potentialAction":[{"@type":"SearchAction","target":{"@type":"EntryPoint","urlTemplate":"http:\/\/lysandreolivier.com\/en\/?s={search_term_string}"},"query-input":{"@type":"PropertyValueSpecification","valueRequired":true,"valueName":"search_term_string"}}],"inLanguage":"en-US"}]}},"_links":{"self":[{"href":"https:\/\/lysandreolivier.com\/en\/wp-json\/wp\/v2\/pages\/464","targetHints":{"allow":["GET"]}}],"collection":[{"href":"https:\/\/lysandreolivier.com\/en\/wp-json\/wp\/v2\/pages"}],"about":[{"href":"https:\/\/lysandreolivier.com\/en\/wp-json\/wp\/v2\/types\/page"}],"author":[{"embeddable":true,"href":"https:\/\/lysandreolivier.com\/en\/wp-json\/wp\/v2\/users\/121"}],"replies":[{"embeddable":true,"href":"https:\/\/lysandreolivier.com\/en\/wp-json\/wp\/v2\/comments?post=464"}],"version-history":[{"count":0,"href":"https:\/\/lysandreolivier.com\/en\/wp-json\/wp\/v2\/pages\/464\/revisions"}],"up":[{"embeddable":true,"href":"https:\/\/lysandreolivier.com\/en\/wp-json\/wp\/v2\/pages\/28"}],"wp:attachment":[{"href":"https:\/\/lysandreolivier.com\/en\/wp-json\/wp\/v2\/media?parent=464"}],"curies":[{"name":"wp","href":"https:\/\/api.w.org\/{rel}","templated":true}]}}