{"id":253,"date":"2012-05-25T14:39:16","date_gmt":"2012-05-25T14:39:16","guid":{"rendered":"http:\/\/aliquando.id-3.net\/?page_id=253"},"modified":"2026-02-17T16:58:50","modified_gmt":"2026-02-17T21:58:50","slug":"equipe","status":"publish","type":"page","link":"http:\/\/lysandreolivier.com\/en\/equipe\/","title":{"rendered":"About Me"},"content":{"rendered":"<p><\/p>\n<div>\n<p><a href=\"\/files\/2019\/07\/Olivier.jpg\"><img loading=\"lazy\" decoding=\"async\" class=\"wp-image-660 size-thumbnail\" src=\"\/files\/2019\/07\/Olivier-150x150.jpg\" alt=\"\" width=\"150\" height=\"150\" \/><\/a><\/p>\n<p style=\"text-align: justify;\"><strong><span style=\"text-decoration: underline;\">Olivier Desrochers<\/span><\/strong><strong>\u00a0 (Courtier Immobilier)<\/strong><\/p>\n<p style=\"text-align: justify;\">Monsieur Olivier Desrochers, est un visionnaire passionn\u00e9 par l\u2019immobilier. Courtier immobilier r\u00e9sidentiel et commercial depuis plusieurs ann\u00e9es\u00a0 et\u00a0 dipl\u00f4m\u00e9 en technologie du g\u00e9nie civil, construction et r\u00e9novation du b\u00e2timent, il est sans aucun doute la personne ressource dans le domaine de l\u2019immobilier. Ayant une grande expertise immobili\u00e8re , des talents de n\u00e9gociateur et un vaste r\u00e9seau d\u2019affaires, Monsieur Desrochers se fera un plaisir de vous accompagner de fa\u00e7on proactive dans votre d\u00e9marche. Vous serez bien inform\u00e9 lors de votre transaction immobili\u00e8re et vous obtiendrez de vrais r\u00e9sultats.<\/p>\n<\/div>\n<p><\/p>","protected":false},"excerpt":{"rendered":"<p>Olivier Desrochers\u00a0 (Courtier Immobilier) Monsieur Olivier Desrochers, est un visionnaire passionn\u00e9 par l\u2019immobilier. Courtier immobilier r\u00e9sidentiel et commercial depuis plusieurs ann\u00e9es\u00a0 et\u00a0 dipl\u00f4m\u00e9 en technologie du g\u00e9nie civil, construction et r\u00e9novation du b\u00e2timent, il est sans aucun doute la personne ressource dans le domaine de l\u2019immobilier. Ayant une grande expertise immobili\u00e8re , des talents de [&hellip;]<\/p>\n","protected":false},"author":645,"featured_media":0,"parent":0,"menu_order":40,"comment_status":"open","ping_status":"open","template":"","meta":{"_acf_changed":false,"footnotes":""},"class_list":["post-253","page","type-page","status-publish","hentry"],"acf":[],"yoast_head":"<!-- This site is optimized with the Yoast SEO plugin v26.7 - https:\/\/yoast.com\/wordpress\/plugins\/seo\/ -->\n<title>About Me - Olivier Desrochers | Real Estate Broker | Auteuil<\/title>\n<meta name=\"robots\" content=\"index, follow, max-snippet:-1, max-image-preview:large, max-video-preview:-1\" \/>\n<link rel=\"canonical\" href=\"http:\/\/lysandreolivier.com\/en\/equipe\/\" \/>\n<meta property=\"og:locale\" content=\"en_US\" \/>\n<meta property=\"og:type\" content=\"article\" \/>\n<meta property=\"og:title\" content=\"About Me - Olivier Desrochers | Real Estate Broker | Auteuil\" \/>\n<meta property=\"og:description\" content=\"Olivier Desrochers\u00a0 (Courtier Immobilier) Monsieur Olivier Desrochers, est un visionnaire passionn\u00e9 par l\u2019immobilier. Courtier immobilier r\u00e9sidentiel et commercial depuis plusieurs ann\u00e9es\u00a0 et\u00a0 dipl\u00f4m\u00e9 en technologie du g\u00e9nie civil, construction et r\u00e9novation du b\u00e2timent, il est sans aucun doute la personne ressource dans le domaine de l\u2019immobilier. Ayant une grande expertise immobili\u00e8re , des talents de [&hellip;]\" \/>\n<meta property=\"og:url\" content=\"http:\/\/lysandreolivier.com\/en\/equipe\/\" \/>\n<meta property=\"og:site_name\" content=\"Olivier Desrochers | Real Estate Broker | Auteuil\" \/>\n<meta property=\"article:publisher\" content=\"https:\/\/www.facebook.com\/EquipeLysandreOlivier\/\" \/>\n<meta property=\"article:modified_time\" content=\"2026-02-17T21:58:50+00:00\" \/>\n<meta name=\"twitter:card\" content=\"summary_large_image\" \/>\n<meta name=\"twitter:site\" content=\"@LysandreOlivier\" \/>\n<meta name=\"twitter:label1\" content=\"Est. reading time\" \/>\n\t<meta name=\"twitter:data1\" content=\"1 minute\" \/>\n<script type=\"application\/ld+json\" class=\"yoast-schema-graph\">{\"@context\":\"https:\/\/schema.org\",\"@graph\":[{\"@type\":\"WebPage\",\"@id\":\"http:\/\/lysandreolivier.com\/en\/equipe\/\",\"url\":\"http:\/\/lysandreolivier.com\/en\/equipe\/\",\"name\":\"[:fr]\u00c0 popos[:en]About Me[:] - Olivier Desrochers | Real Estate Broker | Auteuil\",\"isPartOf\":{\"@id\":\"https:\/\/lysandreolivier.com\/#website\"},\"datePublished\":\"2012-05-25T14:39:16+00:00\",\"dateModified\":\"2026-02-17T21:58:50+00:00\",\"breadcrumb\":{\"@id\":\"http:\/\/lysandreolivier.com\/en\/equipe\/#breadcrumb\"},\"inLanguage\":\"en-US\",\"potentialAction\":[{\"@type\":\"ReadAction\",\"target\":[\"http:\/\/lysandreolivier.com\/en\/equipe\/\"]}]},{\"@type\":\"BreadcrumbList\",\"@id\":\"http:\/\/lysandreolivier.com\/en\/equipe\/#breadcrumb\",\"itemListElement\":[{\"@type\":\"ListItem\",\"position\":1,\"name\":\"Accueil\",\"item\":\"https:\/\/lysandreolivier.com\/\"},{\"@type\":\"ListItem\",\"position\":2,\"name\":\"About Me\"}]},{\"@type\":\"WebSite\",\"@id\":\"https:\/\/lysandreolivier.com\/#website\",\"url\":\"https:\/\/lysandreolivier.com\/\",\"name\":\"Olivier Desrochers | Real Estate Broker | Auteuil\",\"description\":\"Royale Lepage Humania Centre\",\"potentialAction\":[{\"@type\":\"SearchAction\",\"target\":{\"@type\":\"EntryPoint\",\"urlTemplate\":\"https:\/\/lysandreolivier.com\/?s={search_term_string}\"},\"query-input\":{\"@type\":\"PropertyValueSpecification\",\"valueRequired\":true,\"valueName\":\"search_term_string\"}}],\"inLanguage\":\"en-US\"}]}<\/script>\n<!-- \/ Yoast SEO plugin. -->","yoast_head_json":{"title":"About Me - Olivier Desrochers | Real Estate Broker | Auteuil","robots":{"index":"index","follow":"follow","max-snippet":"max-snippet:-1","max-image-preview":"max-image-preview:large","max-video-preview":"max-video-preview:-1"},"canonical":"http:\/\/lysandreolivier.com\/en\/equipe\/","og_locale":"en_US","og_type":"article","og_title":"About Me - Olivier Desrochers | Real Estate Broker | Auteuil","og_description":"Olivier Desrochers\u00a0 (Courtier Immobilier) Monsieur Olivier Desrochers, est un visionnaire passionn\u00e9 par l\u2019immobilier. Courtier immobilier r\u00e9sidentiel et commercial depuis plusieurs ann\u00e9es\u00a0 et\u00a0 dipl\u00f4m\u00e9 en technologie du g\u00e9nie civil, construction et r\u00e9novation du b\u00e2timent, il est sans aucun doute la personne ressource dans le domaine de l\u2019immobilier. Ayant une grande expertise immobili\u00e8re , des talents de [&hellip;]","og_url":"http:\/\/lysandreolivier.com\/en\/equipe\/","og_site_name":"Olivier Desrochers | Real Estate Broker | Auteuil","article_publisher":"https:\/\/www.facebook.com\/EquipeLysandreOlivier\/","article_modified_time":"2026-02-17T21:58:50+00:00","twitter_card":"summary_large_image","twitter_site":"@LysandreOlivier","twitter_misc":{"Est. reading time":"1 minute"},"schema":{"@context":"https:\/\/schema.org","@graph":[{"@type":"WebPage","@id":"http:\/\/lysandreolivier.com\/en\/equipe\/","url":"http:\/\/lysandreolivier.com\/en\/equipe\/","name":"[:fr]\u00c0 popos[:en]About Me[:] - Olivier Desrochers | Real Estate Broker | Auteuil","isPartOf":{"@id":"https:\/\/lysandreolivier.com\/#website"},"datePublished":"2012-05-25T14:39:16+00:00","dateModified":"2026-02-17T21:58:50+00:00","breadcrumb":{"@id":"http:\/\/lysandreolivier.com\/en\/equipe\/#breadcrumb"},"inLanguage":"en-US","potentialAction":[{"@type":"ReadAction","target":["http:\/\/lysandreolivier.com\/en\/equipe\/"]}]},{"@type":"BreadcrumbList","@id":"http:\/\/lysandreolivier.com\/en\/equipe\/#breadcrumb","itemListElement":[{"@type":"ListItem","position":1,"name":"Accueil","item":"https:\/\/lysandreolivier.com\/"},{"@type":"ListItem","position":2,"name":"About Me"}]},{"@type":"WebSite","@id":"https:\/\/lysandreolivier.com\/#website","url":"https:\/\/lysandreolivier.com\/","name":"Olivier Desrochers | Real Estate Broker | Auteuil","description":"Royale Lepage Humania Centre","potentialAction":[{"@type":"SearchAction","target":{"@type":"EntryPoint","urlTemplate":"https:\/\/lysandreolivier.com\/?s={search_term_string}"},"query-input":{"@type":"PropertyValueSpecification","valueRequired":true,"valueName":"search_term_string"}}],"inLanguage":"en-US"}]}},"_links":{"self":[{"href":"http:\/\/lysandreolivier.com\/en\/wp-json\/wp\/v2\/pages\/253","targetHints":{"allow":["GET"]}}],"collection":[{"href":"http:\/\/lysandreolivier.com\/en\/wp-json\/wp\/v2\/pages"}],"about":[{"href":"http:\/\/lysandreolivier.com\/en\/wp-json\/wp\/v2\/types\/page"}],"author":[{"embeddable":true,"href":"http:\/\/lysandreolivier.com\/en\/wp-json\/wp\/v2\/users\/645"}],"replies":[{"embeddable":true,"href":"http:\/\/lysandreolivier.com\/en\/wp-json\/wp\/v2\/comments?post=253"}],"version-history":[{"count":3,"href":"http:\/\/lysandreolivier.com\/en\/wp-json\/wp\/v2\/pages\/253\/revisions"}],"predecessor-version":[{"id":850,"href":"http:\/\/lysandreolivier.com\/en\/wp-json\/wp\/v2\/pages\/253\/revisions\/850"}],"wp:attachment":[{"href":"http:\/\/lysandreolivier.com\/en\/wp-json\/wp\/v2\/media?parent=253"}],"curies":[{"name":"wp","href":"https:\/\/api.w.org\/{rel}","templated":true}]}}